{"id":8120,"date":"2025-01-29T17:54:41","date_gmt":"2025-01-29T17:54:41","guid":{"rendered":"https:\/\/delstehnik.hr\/index.php\/allgemeine-geschaeftsbedingungen\/"},"modified":"2025-02-23T19:41:59","modified_gmt":"2025-02-23T19:41:59","slug":"allgemeine-geschaeftsbedingungen","status":"publish","type":"page","link":"https:\/\/delstehnik.hr\/de\/index.php\/allgemeine-geschaeftsbedingungen\/","title":{"rendered":"Allgemeine Gesch\u00e4ftsbedingungen"},"content":{"rendered":"\t\t<div data-elementor-type=\"wp-page\" data-elementor-id=\"8120\" class=\"elementor elementor-8120 elementor-7338\">\n\t\t\t\t<div class=\"elementor-element elementor-element-7e12f4a e-flex e-con-boxed e-con e-parent\" data-id=\"7e12f4a\" data-element_type=\"container\">\n\t\t\t\t\t<div class=\"e-con-inner\">\n\t\t\t\t<div class=\"elementor-element elementor-element-fe73cc5 elementor-widget elementor-widget-text-editor\" data-id=\"fe73cc5\" data-element_type=\"widget\" data-widget_type=\"text-editor.default\">\n\t\t\t\t<div class=\"elementor-widget-container\">\n\t\t\t\t\t\t\t<ol>\n<li>\n<ol>\n<li><b>  Definition<\/b><\/li>\n<\/ol>\n<p><span style=\"font-weight: 400;\">Diese Gesch\u00e4ftsbedingungen gelten f\u00fcr die Nutzung der Website<\/span> <b>www.delstehnik.hr<\/b> <span style=\"font-weight: 400;\">und aller damit verbundenen digitalen Plattformen, die wir betreiben.<\/span><\/p>\n<p><span style=\"font-weight: 400;\">Durch den Zugriff auf die Website und deren Nutzung verpflichtet sich jeder Benutzer zur Einhaltung dieser Allgemeinen Gesch\u00e4ftsbedingungen und erkl\u00e4rt sich damit einverstanden, den Bestimmungen dieser Allgemeinen Gesch\u00e4ftsbedingungen sowie allen anderen Regeln und Bedingungen f\u00fcr die Nutzung der Website und der dar\u00fcber bereitgestellten Dienste zu unterliegen.<\/span><\/p>\n<ol start=\"2\">\n<li><b>  Nutzungsbeschr\u00e4nkungen und Haftung<\/b><\/li>\n<\/ol>\n<p><span style=\"font-weight: 400;\">Der Benutzer verpflichtet sich, Folgendes zu unterlassen:<\/span><\/p>\n<ul>\n<li style=\"font-weight: 400;\" aria-level=\"1\"><span style=\"font-weight: 400;\">die Website in einer Weise zu nutzen, die gegen positive Vorschriften in der Republik Kroatien verst\u00f6\u00dft;<\/span><\/li>\n<li style=\"font-weight: 400;\" aria-level=\"1\"><span style=\"font-weight: 400;\">auf der Website Inhalte einzugeben oder \u00fcber die Website Inhalte zu verbreiten, die gegen geltende Vorschriften versto\u00dfen, einschlie\u00dflich, aber nicht beschr\u00e4nkt auf sch\u00e4dliche, drohende, bel\u00e4stigende, vulg\u00e4re Inhalte, Inhalte, die Hass und Rassenintoleranz verbreiten, Inhalte, die die Rechte und Interessen anderer verletzen und dergleichen;<\/span><\/li>\n<li style=\"font-weight: 400;\" aria-level=\"1\"><span style=\"font-weight: 400;\">Daten auf der Website \u00e4ndern, l\u00f6schen oder vernichten;<\/span><\/li>\n<li style=\"font-weight: 400;\" aria-level=\"1\"><span style=\"font-weight: 400;\">die Website zu nutzen, um die Rechte Dritter zu verletzen, einschlie\u00dflich der Verletzung der Vertraulichkeit, der Rechte am geistigen Eigentum oder anderer Rechte oder Interessen Dritter;<\/span><\/li>\n<li style=\"font-weight: 400;\" aria-level=\"1\"><span style=\"font-weight: 400;\">die Website zu Pr\u00e4sentationszwecken und zum Zwecke der Eigenwerbung nutzen;<\/span><\/li>\n<li style=\"font-weight: 400;\" aria-level=\"1\"><span style=\"font-weight: 400;\">die Website zum Versenden von E-Mails entgegen diesen Allgemeinen Gesch\u00e4ftsbedingungen zu nutzen;<\/span><\/li>\n<li style=\"font-weight: 400;\" aria-level=\"1\"><span style=\"font-weight: 400;\">\u00fcber die Website illegale Software und Viren einf\u00fchren oder verbreiten;<\/span><\/li>\n<li style=\"font-weight: 400;\" aria-level=\"1\"><span style=\"font-weight: 400;\">Informationen ver\u00f6ffentlichen, \u00fcbermitteln und\/oder austauschen, von denen er\/sie wei\u00df oder wissen m\u00fcsste, dass sie falsch sind und deren Ver\u00f6ffentlichung anderen Benutzern und\/oder der Site Schaden zuf\u00fcgen k\u00f6nnte;<\/span><\/li>\n<li style=\"font-weight: 400;\" aria-level=\"1\"><span style=\"font-weight: 400;\">illegale oder nicht autorisierte Handlungen vornehmen;<\/span><\/li>\n<li style=\"font-weight: 400;\" aria-level=\"1\"><span style=\"font-weight: 400;\">illegale Inhalte \u00fcbermitteln oder verbreiten;<\/span><\/li>\n<li style=\"font-weight: 400;\" aria-level=\"1\"><span style=\"font-weight: 400;\">personenbezogene Daten Dritter ver\u00f6ffentlichen, \u00fcbermitteln und\/oder austauschen;<\/span><\/li>\n<li style=\"font-weight: 400;\" aria-level=\"1\"><span style=\"font-weight: 400;\">Inhalte zu ver\u00f6ffentlichen, zu \u00fcbermitteln und\/oder auszutauschen, die durch Urheberrechte und andere geistige Eigentumsrechte Dritter gesch\u00fctzt sind;<\/span><\/li>\n<\/ul>\n<p><span style=\"font-weight: 400;\">Die auf der Website ver\u00f6ffentlichten Dokumente, Daten und Informationen d\u00fcrfen ohne ausdr\u00fcckliche Zustimmung des Dienstanbieters weder reproduziert, verbreitet noch in sonstiger Weise zu kommerziellen Zwecken oder in einer Weise verwendet werden, die Dritten Schaden zuf\u00fcgen k\u00f6nnte. Die auf dieser Website enthaltenen Dokumente, Daten und Informationen d\u00fcrfen ausschlie\u00dflich f\u00fcr die individuellen Bed\u00fcrfnisse des Nutzers unter Beachtung s\u00e4mtlicher Urheber- und Eigentumsrechte sowie der Rechte Dritter verwendet werden. Indem der Benutzer die Inhalte dieser Website nutzt, akzeptiert er s\u00e4mtliche Risiken, die sich aus der Nutzung ergeben, und erkl\u00e4rt sich damit einverstanden, die Inhalte der Website ausschlie\u00dflich f\u00fcr den pers\u00f6nlichen Gebrauch und auf eigenes Risiko zu verwenden.  <\/span><\/p>\n<p><span style=\"font-weight: 400;\">Der Dienstanbieter lehnt jegliche Haftung ab, die in irgendeiner Weise mit der Nutzung der Website oder mit Handlungen des Benutzers w\u00e4hrend der Nutzung oder des Missbrauchs der Website-Inhalte zusammenh\u00e4ngt, sowie f\u00fcr jegliche Sch\u00e4den, die dem Benutzer oder Dritten im Zusammenhang mit der Nutzung oder dem Missbrauch der Website-Inhalte entstehen k\u00f6nnen.<\/span><\/p>\n<p><span style=\"font-weight: 400;\">Die Website kann Dokumente, Daten, Informationen sowie Links zu anderen Websites enthalten, die von Dritten erstellt wurden. Diese werden, soweit erforderlich und m\u00f6glich, als solche gekennzeichnet. Der Dienstanbieter hat keine Kontrolle \u00fcber die oben genannten Dokumente, Daten, Informationen oder anderen Websites und lehnt jegliche Haftung vollst\u00e4ndig ab, einschlie\u00dflich, aber nicht beschr\u00e4nkt auf die Richtigkeit, Vollst\u00e4ndigkeit und Verf\u00fcgbarkeit von Inhalten auf von Dritten erstellten Websites und f\u00fcr alle auf solchen Websites Dritter angezeigten Inhalte sowie f\u00fcr alle \u00fcber solche Websites Dritter erworbenen Produkte oder Dienstleistungen. <\/span><\/p>\n<p><span style=\"font-weight: 400;\">Der Dienstanbieter beh\u00e4lt sich das Recht vor, den Inhalt der Website ohne Vorank\u00fcndigung zu \u00e4ndern, die Website zu beenden oder den Zugriff auf die Website einzuschr\u00e4nken und haftet nicht f\u00fcr m\u00f6gliche Folgen, die sich aus solchen \u00c4nderungen, Beendigungen oder Einschr\u00e4nkungen ergeben. Der Dienstanbieter haftet nicht f\u00fcr m\u00f6gliche Folgen, die sich aus der Nichtverf\u00fcgbarkeit der Website aus technischen Gr\u00fcnden ergeben. <\/span><\/p>\n<p><span style=\"font-weight: 400;\">Der Dienstanbieter beh\u00e4lt sich das Recht vor, die Preise seiner Produkte und Dienstleistungen zu \u00e4ndern.<\/span><\/p>\n<p><span style=\"font-weight: 400;\">Der Dienstanbieter beh\u00e4lt sich das Recht vor, den Zugriff auf die Website f\u00fcr IP-Adressen (Benutzer) zu verhindern, von denen aus Aktionen ausgef\u00fchrt werden, die gegen diese Allgemeinen Gesch\u00e4ftsbedingungen versto\u00dfen, und \u00fcbernimmt hierf\u00fcr keine Haftung.<\/span><\/p>\n<ol start=\"3\">\n<li><b>  Andere Bedingungen<\/b><\/li>\n<\/ol>\n<p><span style=\"font-weight: 400;\">F\u00fcr Sch\u00e4den, die durch eine Unterbrechung der Internetverbindung bei der Nutzung der Website entstehen k\u00f6nnen, haftet der Dienstanbieter nicht.<\/span><\/p>\n<ol start=\"4\">\n<li><b>  Streitschlichtung<\/b><\/li>\n<\/ol>\n<p><span style=\"font-weight: 400;\">Die Beziehung zwischen dem Benutzer und dem Dienstanbieter unterliegt den positiven Bestimmungen der Republik Kroatien.<\/span><\/p>\n<p><span style=\"font-weight: 400;\">Vor der Einleitung eines Gerichtsverfahrens wird versucht, Streitigkeiten g\u00fctlich beizulegen. Im Streitfall ist das Gericht in Zagreb zust\u00e4ndig.<\/span><\/p>\n<ol start=\"5\">\n<li><b>  \u00c4nderungen der Allgemeinen Gesch\u00e4ftsbedingungen<\/b><\/li>\n<\/ol>\n<p><span style=\"font-weight: 400;\">Der Dienstanbieter beh\u00e4lt sich das Recht vor, diese Allgemeinen Gesch\u00e4ftsbedingungen jederzeit zu \u00e4ndern oder zu erg\u00e4nzen. Solche \u00c4nderungen treten mit dem Datum der Ver\u00f6ffentlichung auf der Website in Kraft.  <\/span><\/p>\n<p><span style=\"font-weight: 400;\">Der fortgesetzte Zugriff auf die Website oder die fortgesetzte Nutzung irgendeines Teils ihrer Inhalte oder Dienste gilt als Annahme der ge\u00e4nderten oder erg\u00e4nzten Allgemeinen Gesch\u00e4ftsbedingungen. Der Dienstanbieter empfiehlt, diese Allgemeinen Gesch\u00e4ftsbedingungen regelm\u00e4\u00dfig zu \u00fcberpr\u00fcfen, um \u00fcber etwaige \u00c4nderungen informiert zu sein. <\/span><\/p>\n<p><span style=\"font-weight: 400;\">Der Dienstanbieter beh\u00e4lt sich das Recht vor, Teile seines Gesch\u00e4fts, einschlie\u00dflich der Website oder Teile davon, der dar\u00fcber bereitgestellten Dienste, Unterseiten oder Dienste jederzeit und ohne vorherige Ank\u00fcndigung zu \u00e4ndern, zu erg\u00e4nzen oder einzustellen.  <\/span><\/p>\n<p><span style=\"font-weight: 400;\">Das betreffende Recht umfasst, ist jedoch nicht beschr\u00e4nkt auf, die \u00c4nderung der Verf\u00fcgbarkeitszeit, des Inhalts, der Verf\u00fcgbarkeit neuer Daten, der \u00dcbermittlungsmethode sowie das Recht auf Zugriff oder Nutzung der Seiten.<\/span><\/p>\n<p><span style=\"font-weight: 400;\">Es ist die Aufgabe und Verpflichtung des Benutzers, die Website in \u00dcbereinstimmung mit den geltenden Vorschriften und den allgemeinen moralischen und ethischen Grunds\u00e4tzen zu nutzen. Der Diensteanbieter hat das Recht, den Inhalt der Website jederzeit zu \u00fcberpr\u00fcfen, um sicherzustellen, dass diese Allgemeinen Gesch\u00e4ftsbedingungen und positive Vorschriften eingehalten werden. <\/span><\/p>\n<p><span style=\"font-weight: 400;\">F\u00fcr weitere Informationen wenden Sie sich bitte an<\/span> <b>info@delstehnik.com<\/b> <span style=\"font-weight: 400;\">.<\/span><\/p>\n<\/li>\n<\/ol>\n<p><\/p>\n<p><\/p>\t\t\t\t\t\t<\/div>\n\t\t\t\t<\/div>\n\t\t\t\t\t<\/div>\n\t\t\t\t<\/div>\n\t\t\t\t<\/div>\n\t\t","protected":false},"excerpt":{"rendered":"<p>Definition Diese Gesch\u00e4ftsbedingungen gelten f\u00fcr die Nutzung der Website www.delstehnik.hr und aller damit verbundenen digitalen Plattformen, die wir betreiben. Durch den Zugriff auf die Website und deren Nutzung verpflichtet sich jeder Benutzer zur Einhaltung dieser Allgemeinen Gesch\u00e4ftsbedingungen und erkl\u00e4rt sich damit einverstanden, den Bestimmungen dieser Allgemeinen Gesch\u00e4ftsbedingungen sowie allen anderen Regeln und Bedingungen f\u00fcr die [&hellip;]<\/p>\n","protected":false},"author":1,"featured_media":7910,"parent":0,"menu_order":0,"comment_status":"closed","ping_status":"closed","template":"","meta":{"footnotes":""},"class_list":["post-8120","page","type-page","status-publish","has-post-thumbnail","hentry"],"_links":{"self":[{"href":"https:\/\/delstehnik.hr\/de\/index.php\/wp-json\/wp\/v2\/pages\/8120","targetHints":{"allow":["GET"]}}],"collection":[{"href":"https:\/\/delstehnik.hr\/de\/index.php\/wp-json\/wp\/v2\/pages"}],"about":[{"href":"https:\/\/delstehnik.hr\/de\/index.php\/wp-json\/wp\/v2\/types\/page"}],"author":[{"embeddable":true,"href":"https:\/\/delstehnik.hr\/de\/index.php\/wp-json\/wp\/v2\/users\/1"}],"replies":[{"embeddable":true,"href":"https:\/\/delstehnik.hr\/de\/index.php\/wp-json\/wp\/v2\/comments?post=8120"}],"version-history":[{"count":3,"href":"https:\/\/delstehnik.hr\/de\/index.php\/wp-json\/wp\/v2\/pages\/8120\/revisions"}],"predecessor-version":[{"id":8123,"href":"https:\/\/delstehnik.hr\/de\/index.php\/wp-json\/wp\/v2\/pages\/8120\/revisions\/8123"}],"wp:featuredmedia":[{"embeddable":true,"href":"https:\/\/delstehnik.hr\/de\/index.php\/wp-json\/wp\/v2\/media\/7910"}],"wp:attachment":[{"href":"https:\/\/delstehnik.hr\/de\/index.php\/wp-json\/wp\/v2\/media?parent=8120"}],"curies":[{"name":"wp","href":"https:\/\/api.w.org\/{rel}","templated":true}]}}