{"id":8124,"date":"2024-03-25T02:46:22","date_gmt":"2024-03-25T02:46:22","guid":{"rendered":"https:\/\/delstehnik.hr\/index.php\/anerkennungen-und-zertifikate\/"},"modified":"2025-09-15T04:34:23","modified_gmt":"2025-09-15T04:34:23","slug":"anerkennungen-und-zertifikate","status":"publish","type":"page","link":"https:\/\/delstehnik.hr\/de\/index.php\/anerkennungen-und-zertifikate\/","title":{"rendered":"Anerkennungen und Zertifikate"},"content":{"rendered":"\t\t<div data-elementor-type=\"wp-page\" data-elementor-id=\"8124\" class=\"elementor elementor-8124 elementor-48\">\n\t\t\t\t<div class=\"elementor-element elementor-element-5001ecf e-flex e-con-boxed e-con e-parent\" data-id=\"5001ecf\" data-element_type=\"container\">\n\t\t\t\t\t<div class=\"e-con-inner\">\n\t\t<div class=\"elementor-element elementor-element-d27daa3 e-con-full e-flex e-con e-child\" data-id=\"d27daa3\" data-element_type=\"container\">\n\t\t\t\t<div class=\"elementor-element elementor-element-d13342a elementor-widget__width-initial animated-fast elementor-widget-divider--view-line elementor-invisible elementor-widget elementor-widget-divider\" data-id=\"d13342a\" data-element_type=\"widget\" data-settings=\"{&quot;_animation&quot;:&quot;zoomInRight&quot;}\" data-widget_type=\"divider.default\">\n\t\t\t\t<div class=\"elementor-widget-container\">\n\t\t\t\t\t<div class=\"elementor-divider\">\n\t\t\t<span class=\"elementor-divider-separator\">\n\t\t\t\t\t\t<\/span>\n\t\t<\/div>\n\t\t\t\t<\/div>\n\t\t\t\t<\/div>\n\t\t\t\t<div class=\"elementor-element elementor-element-6b1786d animated-fast elementor-invisible elementor-widget elementor-widget-heading\" data-id=\"6b1786d\" data-element_type=\"widget\" data-settings=\"{&quot;_animation&quot;:&quot;opal-scale-up&quot;}\" data-widget_type=\"heading.default\">\n\t\t\t\t<div class=\"elementor-widget-container\">\n\t\t\t<p class=\"elementor-heading-title elementor-size-default\">Anerkennungen und Zertifikate.<\/p>\t\t<\/div>\n\t\t\t\t<\/div>\n\t\t\t\t<\/div>\n\t\t<div class=\"elementor-element elementor-element-e10adcb e-con-full e-flex e-con e-child\" data-id=\"e10adcb\" data-element_type=\"container\">\n\t\t\t\t<div class=\"elementor-element elementor-element-e506bad elementor-widget__width-initial elementor-widget elementor-widget-heading\" data-id=\"e506bad\" data-element_type=\"widget\" data-widget_type=\"heading.default\">\n\t\t\t\t<div class=\"elementor-widget-container\">\n\t\t\t<h2 class=\"elementor-heading-title elementor-size-default\">AUSZEICHNUNGEN UND ZERTIFIKATE<\/h2>\t\t<\/div>\n\t\t\t\t<\/div>\n\t\t\t\t<\/div>\n\t\t<div class=\"elementor-element elementor-element-421d468 e-con-full e-flex e-con e-child\" data-id=\"421d468\" data-element_type=\"container\">\n\t\t\t\t<\/div>\n\t\t<div class=\"elementor-element elementor-element-6a5b739 e-con-full e-flex e-con e-child\" data-id=\"6a5b739\" data-element_type=\"container\">\n\t\t\t\t<div class=\"elementor-element elementor-element-25b53a1 elementor-widget__width-initial elementor-widget elementor-widget-text-editor\" data-id=\"25b53a1\" data-element_type=\"widget\" data-widget_type=\"text-editor.default\">\n\t\t\t\t<div class=\"elementor-widget-container\">\n\t\t\t\t\t\t\t<p>Es ist uns immer eine Ehre, Anerkennung f\u00fcr unsere Arbeit zu erhalten. Wir sind stolz darauf, die Anerkennungen und Zertifikate weiterzugeben, die wir f\u00fcr unsere Leistungen erhalten haben. <br>  Sie sind ein Beweis f\u00fcr unser st\u00e4ndiges Bem\u00fchen um Verbesserung und Fortschritt und zugleich ein Zeichen daf\u00fcr, dass unsere Arbeit anerkannt und gesch\u00e4tzt wird.<br>  Die unten erhaltenen Auszeichnungen und Zertifikate belegen die Qualit\u00e4t unserer Arbeit, die Innovationskraft unserer Prozesse und die St\u00e4rke unseres Unternehmens.<\/p>\t\t\t\t\t\t<\/div>\n\t\t\t\t<\/div>\n\t\t\t\t<\/div>\n\t\t<div class=\"elementor-element elementor-element-4c15c59 e-flex e-con-boxed e-con e-child\" data-id=\"4c15c59\" data-element_type=\"container\">\n\t\t\t\t\t<div class=\"e-con-inner\">\n\t\t\t\t<div class=\"elementor-element elementor-element-3055f2d elementor-widget__width-inherit awardsbox-layout-1 elementor-widget elementor-widget-rebuilto-awards-box\" data-id=\"3055f2d\" data-element_type=\"widget\" data-settings=\"{&quot;awardsbox_layout&quot;:&quot;1&quot;}\" data-widget_type=\"rebuilto-awards-box.default\">\n\t\t\t\t<div class=\"elementor-widget-container\">\n\t\t\t\n        <div class=\"elementor-awardsbox-item-wrapper\">\n            <div class=\"elementor-awardsbox-wrapper-inner\">\n                <div class=\"layout-1 d-grid\">\n                                            <div class=\"elementor-awardsbox-item grid-item\" data-goto=\"0\">\n                            <div class=\"awardsbox-item-inner\">\n                                            <div class=\"awards-image\">\n                <img fetchpriority=\"high\" decoding=\"async\" width=\"1125\" height=\"1600\" src=\"https:\/\/delstehnik.hr\/wp-content\/uploads\/2025\/07\/WhatsApp-Image-2025-07-07-at-20.36.50.jpeg\" class=\"attachment-full size-full wp-image-8826\" alt=\"\" srcset=\"https:\/\/delstehnik.hr\/wp-content\/uploads\/2025\/07\/WhatsApp-Image-2025-07-07-at-20.36.50.jpeg 1125w, https:\/\/delstehnik.hr\/wp-content\/uploads\/2025\/07\/WhatsApp-Image-2025-07-07-at-20.36.50-211x300.jpeg 211w, https:\/\/delstehnik.hr\/wp-content\/uploads\/2025\/07\/WhatsApp-Image-2025-07-07-at-20.36.50-720x1024.jpeg 720w, https:\/\/delstehnik.hr\/wp-content\/uploads\/2025\/07\/WhatsApp-Image-2025-07-07-at-20.36.50-768x1092.jpeg 768w, https:\/\/delstehnik.hr\/wp-content\/uploads\/2025\/07\/WhatsApp-Image-2025-07-07-at-20.36.50-1080x1536.jpeg 1080w\" sizes=\"(max-width: 1125px) 100vw, 1125px\" \/>            <\/div>\n                                        <div class=\"awards-content\">\n\n                                                                            <div class=\"awards-year\"><span>2025<\/span><\/div>\n                                                                        <div class=\"awards-content-header\">\n                                        <a href=\"#\">\n                                            <div class=\"awards-name\">T\u00dcV Austria<\/div>                                        <\/a>\n                                                                                    <div class=\"awards-description\">Wir freuen uns, die erfolgreiche Zertifizierung unseres Unternehmens nach dem SCC-Standard (Safety Certificate Contractors) durch die renommierte Zertifizierungsgesellschaft T\u00dcV Austria bekannt geben zu k\u00f6nnen. Dieses Zertifikat best\u00e4tigt unser Engagement f\u00fcr h\u00f6chste Standards in Gesundheitsschutz, Arbeitssicherheit und Umweltschutz in unserem t\u00e4glichen Betrieb. Die SCC-Zertifizierung ist nicht nur Anerkennung, sondern auch Verpflichtung zur kontinuierlichen Verbesserung der Arbeitsprozesse und zur F\u00f6rderung einer Sicherheitskultur. Wir danken unserem Team f\u00fcr sein Engagement und seine Expertise sowie unseren Partnern, die den Wert sicheren und verantwortungsvollen Wirtschaftens erkennen.<\/div>\n                                                                            <\/div>\n                                    <div class=\"awards-more-link-wrap style-link\">\n                                        <a class=\"awards-more-link\" href=\"#\">\n                                                                                    <\/a>\n                                    <\/div>\n                                <\/div>\n\n                            <\/div>\n                        <\/div>\n                                                <div class=\"elementor-awardsbox-item grid-item\" data-goto=\"1\">\n                            <div class=\"awardsbox-item-inner\">\n                                            <div class=\"awards-image\">\n                <img decoding=\"async\" width=\"2500\" height=\"1667\" src=\"https:\/\/delstehnik.hr\/wp-content\/uploads\/2024\/11\/ZK-1.jpg\" class=\"attachment-full size-full wp-image-6467\" alt=\"\" srcset=\"https:\/\/delstehnik.hr\/wp-content\/uploads\/2024\/11\/ZK-1.jpg 2500w, https:\/\/delstehnik.hr\/wp-content\/uploads\/2024\/11\/ZK-1-300x200.jpg 300w, https:\/\/delstehnik.hr\/wp-content\/uploads\/2024\/11\/ZK-1-1024x683.jpg 1024w, https:\/\/delstehnik.hr\/wp-content\/uploads\/2024\/11\/ZK-1-768x512.jpg 768w, https:\/\/delstehnik.hr\/wp-content\/uploads\/2024\/11\/ZK-1-1536x1024.jpg 1536w, https:\/\/delstehnik.hr\/wp-content\/uploads\/2024\/11\/ZK-1-2048x1366.jpg 2048w\" sizes=\"(max-width: 2500px) 100vw, 2500px\" \/>            <\/div>\n                                        <div class=\"awards-content\">\n\n                                                                            <div class=\"awards-year\"><span>2023<\/span><\/div>\n                                                                        <div class=\"awards-content-header\">\n                                        <a href=\"#\">\n                                            <div class=\"awards-name\">Zlatna Kuna<\/div>                                        <\/a>\n                                                                                    <div class=\"awards-description\">Am 19. September 2024. Auf der feierlichen Sitzung des Wirtschaftsrats der Kammer Zagreb verlieh uns die Handelskammer Kroatiens die Goldene Kuna-Plakette der Kammer Zagreb f\u00fcr hervorragende Gesch\u00e4ftsergebnisse und Bedeutung f\u00fcr die Wirtschaft der Gespanschaft Zagreb. Wir sind stolz, Ihnen allen mitteilen zu k\u00f6nnen, dass wir im Jahr 2023 das erfolgreichste Unternehmen in der Gespanschaft Zagreb in der Kategorie der Kleinunternehmen sind. Au\u00dferdem m\u00f6chten wir allen Mitarbeitern und Gesch\u00e4ftspartnern von Dels Tehnika danken, die mit ihrer Arbeit und ihrem Einsatz zu solch hervorragenden Gesch\u00e4ftsergebnissen beigetragen haben.<\/div>\n                                                                            <\/div>\n                                    <div class=\"awards-more-link-wrap style-link\">\n                                        <a class=\"awards-more-link\" href=\"#\">\n                                                                                    <\/a>\n                                    <\/div>\n                                <\/div>\n\n                            <\/div>\n                        <\/div>\n                                                <div class=\"elementor-awardsbox-item grid-item\" data-goto=\"2\">\n                            <div class=\"awardsbox-item-inner\">\n                                            <div class=\"awards-image\">\n                <img decoding=\"async\" width=\"1200\" height=\"800\" src=\"https:\/\/delstehnik.hr\/wp-content\/uploads\/2024\/11\/DB-cerifikat-1.jpg\" class=\"attachment-full size-full wp-image-6508\" alt=\"\" srcset=\"https:\/\/delstehnik.hr\/wp-content\/uploads\/2024\/11\/DB-cerifikat-1.jpg 1200w, https:\/\/delstehnik.hr\/wp-content\/uploads\/2024\/11\/DB-cerifikat-1-300x200.jpg 300w, https:\/\/delstehnik.hr\/wp-content\/uploads\/2024\/11\/DB-cerifikat-1-1024x683.jpg 1024w, https:\/\/delstehnik.hr\/wp-content\/uploads\/2024\/11\/DB-cerifikat-1-768x512.jpg 768w\" sizes=\"(max-width: 1200px) 100vw, 1200px\" \/>            <\/div>\n                                        <div class=\"awards-content\">\n\n                                                                            <div class=\"awards-year\"><span>2024<\/span><\/div>\n                                                                        <div class=\"awards-content-header\">\n                                        <a href=\"#\">\n                                            <div class=\"awards-name\">DUN &amp; BRADSTREET<\/div>                                        <\/a>\n                                                                                    <div class=\"awards-description\">Dun &amp; Bradstreeet; Am 20. Juni 2024  in Zagreb unter dem Motto \u201eHaben Sie einen unbeschwerten Sommer, Ihr Unternehmen ist in sicheren H\u00e4nden\u201c. empfing Vertreter von etwa 50 kroatischen Unternehmen, denen sie D&amp;B Hovers Visitor Intelligence und D&amp;B Risk Analytics Compliance Intelligence vorstellten. DELS Tehnik d.o.o. Anschlie\u00dfend erhielt er das D&amp;B-Zertifikat f\u00fcr herausragende Kreditw\u00fcrdigkeit! Mit dem Bonit\u00e4tszertifikat haben wir die Best\u00e4tigung erhalten, dass wir das zuverl\u00e4ssigste, glaubw\u00fcrdigste und risiko\u00e4rmste Unternehmen sind.<\/div>\n                                                                            <\/div>\n                                    <div class=\"awards-more-link-wrap style-link\">\n                                        <a class=\"awards-more-link\" href=\"#\">\n                                                                                    <\/a>\n                                    <\/div>\n                                <\/div>\n\n                            <\/div>\n                        <\/div>\n                                                <div class=\"elementor-awardsbox-item grid-item\" data-goto=\"3\">\n                            <div class=\"awardsbox-item-inner\">\n                                            <div class=\"awards-image\">\n                <img loading=\"lazy\" decoding=\"async\" width=\"1170\" height=\"1670\" src=\"https:\/\/delstehnik.hr\/wp-content\/uploads\/2024\/11\/image-1.png\" class=\"attachment-full size-full wp-image-6750\" alt=\"\" srcset=\"https:\/\/delstehnik.hr\/wp-content\/uploads\/2024\/11\/image-1.png 1170w, https:\/\/delstehnik.hr\/wp-content\/uploads\/2024\/11\/image-1-210x300.png 210w, https:\/\/delstehnik.hr\/wp-content\/uploads\/2024\/11\/image-1-717x1024.png 717w, https:\/\/delstehnik.hr\/wp-content\/uploads\/2024\/11\/image-1-768x1096.png 768w, https:\/\/delstehnik.hr\/wp-content\/uploads\/2024\/11\/image-1-1076x1536.png 1076w\" sizes=\"(max-width: 1170px) 100vw, 1170px\" \/>            <\/div>\n                                        <div class=\"awards-content\">\n\n                                                                            <div class=\"awards-year\"><span>2023<\/span><\/div>\n                                                                        <div class=\"awards-content-header\">\n                                        <a href=\"#\">\n                                            <div class=\"awards-name\">99 NAJUSPJE\u0160NIJIH<\/div>                                        <\/a>\n                                                                                    <div class=\"awards-description\">DELS Tehnik d.o.o. ist von Financije.hr am 10.10.2024. wurde als \u201e99 erfolgreichstes Unternehmen\u201c in Bezug auf den Umsatz f\u00fcr das Jahr 2023 im Bereich Installation von Industriemaschinen und -anlagen ausgezeichnet.<\/div>\n                                                                            <\/div>\n                                    <div class=\"awards-more-link-wrap style-link\">\n                                        <a class=\"awards-more-link\" href=\"#\">\n                                                                                    <\/a>\n                                    <\/div>\n                                <\/div>\n\n                            <\/div>\n                        <\/div>\n                                                <div class=\"elementor-awardsbox-item grid-item\" data-goto=\"4\">\n                            <div class=\"awardsbox-item-inner\">\n                                            <div class=\"awards-image\">\n                <img loading=\"lazy\" decoding=\"async\" width=\"1270\" height=\"1798\" src=\"https:\/\/delstehnik.hr\/wp-content\/uploads\/2024\/11\/image-2.png\" class=\"attachment-full size-full wp-image-6751\" alt=\"\" srcset=\"https:\/\/delstehnik.hr\/wp-content\/uploads\/2024\/11\/image-2.png 1270w, https:\/\/delstehnik.hr\/wp-content\/uploads\/2024\/11\/image-2-212x300.png 212w, https:\/\/delstehnik.hr\/wp-content\/uploads\/2024\/11\/image-2-723x1024.png 723w, https:\/\/delstehnik.hr\/wp-content\/uploads\/2024\/11\/image-2-768x1087.png 768w, https:\/\/delstehnik.hr\/wp-content\/uploads\/2024\/11\/image-2-1085x1536.png 1085w\" sizes=\"(max-width: 1270px) 100vw, 1270px\" \/>            <\/div>\n                                        <div class=\"awards-content\">\n\n                                                                            <div class=\"awards-year\"><span>2024<\/span><\/div>\n                                                                        <div class=\"awards-content-header\">\n                                        <a href=\"#\">\n                                            <div class=\"awards-name\">SUSTAV UPRAVLJANJA KVALITETOM<\/div>                                        <\/a>\n                                                                                    <div class=\"awards-description\">Am 04.07.2024. Wir haben das Zertifikat \u201eQualit\u00e4tsmanagementsystem\u201c erhalten. Das Zertifikat best\u00e4tigt, dass ein Managementsystem gem\u00e4\u00df den Anforderungen der Norm ISO 9001:2015 eingerichtet und aufrechterhalten wurde.<\/div>\n                                                                            <\/div>\n                                    <div class=\"awards-more-link-wrap style-link\">\n                                        <a class=\"awards-more-link\" href=\"#\">\n                                                                                    <\/a>\n                                    <\/div>\n                                <\/div>\n\n                            <\/div>\n                        <\/div>\n                                                <div class=\"elementor-awardsbox-item grid-item\" data-goto=\"5\">\n                            <div class=\"awardsbox-item-inner\">\n                                            <div class=\"awards-image\">\n                <img loading=\"lazy\" decoding=\"async\" width=\"1809\" height=\"2560\" src=\"https:\/\/delstehnik.hr\/wp-content\/uploads\/2025\/09\/HR1000001627104_DigitalCertificate_de-DE-scaled.webp\" class=\"attachment-full size-full wp-image-8856\" alt=\"\" srcset=\"https:\/\/delstehnik.hr\/wp-content\/uploads\/2025\/09\/HR1000001627104_DigitalCertificate_de-DE-scaled.webp 1809w, https:\/\/delstehnik.hr\/wp-content\/uploads\/2025\/09\/HR1000001627104_DigitalCertificate_de-DE-212x300.webp 212w, https:\/\/delstehnik.hr\/wp-content\/uploads\/2025\/09\/HR1000001627104_DigitalCertificate_de-DE-724x1024.webp 724w, https:\/\/delstehnik.hr\/wp-content\/uploads\/2025\/09\/HR1000001627104_DigitalCertificate_de-DE-768x1087.webp 768w, https:\/\/delstehnik.hr\/wp-content\/uploads\/2025\/09\/HR1000001627104_DigitalCertificate_de-DE-1085x1536.webp 1085w, https:\/\/delstehnik.hr\/wp-content\/uploads\/2025\/09\/HR1000001627104_DigitalCertificate_de-DE-1447x2048.webp 1447w\" sizes=\"(max-width: 1809px) 100vw, 1809px\" \/>            <\/div>\n                                        <div class=\"awards-content\">\n\n                                                                            <div class=\"awards-year\"><span>2025<\/span><\/div>\n                                                                        <div class=\"awards-content-header\">\n                                        <a href=\"#\">\n                                            <div class=\"awards-name\">AAA Kreditrating<\/div>                                        <\/a>\n                                                                                    <div class=\"awards-description\">Am 26. Juni 2025 erhielten wir von der internationalen Ratingagentur Dun &amp; Bradstreet das Silber-Zertifikat f\u00fcr Kreditexzellenz, das uns die h\u00f6chste Bonit\u00e4tsklasse AAA einstuft.  Dun &amp; Bradstreet best\u00e4tigte, dass unser Unternehmen seit drei aufeinanderfolgenden Jahren stabil, verantwortungsvoll und zuverl\u00e4ssig wirtschaftet \u2013 was uns zu den kreditw\u00fcrdigsten Unternehmen Kroatiens macht.<\/div>\n                                                                            <\/div>\n                                    <div class=\"awards-more-link-wrap style-link\">\n                                        <a class=\"awards-more-link\" href=\"#\">\n                                                                                    <\/a>\n                                    <\/div>\n                                <\/div>\n\n                            <\/div>\n                        <\/div>\n                                        <\/div>\n                            <\/div>\n        <\/div>\n        \t\t<\/div>\n\t\t\t\t<\/div>\n\t\t\t\t\t<\/div>\n\t\t\t\t<\/div>\n\t\t\t\t\t<\/div>\n\t\t\t\t<\/div>\n\t\t\t\t<\/div>\n\t\t","protected":false},"excerpt":{"rendered":"<p>Anerkennungen und Zertifikate. AUSZEICHNUNGEN UND ZERTIFIKATE Es ist uns immer eine Ehre, Anerkennung f\u00fcr unsere Arbeit zu erhalten. Wir sind stolz darauf, die Anerkennungen und Zertifikate weiterzugeben, die wir f\u00fcr unsere Leistungen erhalten haben. Sie sind ein Beweis f\u00fcr unser st\u00e4ndiges Bem\u00fchen um Verbesserung und Fortschritt und zugleich ein Zeichen daf\u00fcr, dass unsere Arbeit anerkannt [&hellip;]<\/p>\n","protected":false},"author":1,"featured_media":7910,"parent":0,"menu_order":0,"comment_status":"closed","ping_status":"closed","template":"template-homepage.php","meta":{"footnotes":""},"class_list":["post-8124","page","type-page","status-publish","has-post-thumbnail","hentry"],"_links":{"self":[{"href":"https:\/\/delstehnik.hr\/de\/index.php\/wp-json\/wp\/v2\/pages\/8124","targetHints":{"allow":["GET"]}}],"collection":[{"href":"https:\/\/delstehnik.hr\/de\/index.php\/wp-json\/wp\/v2\/pages"}],"about":[{"href":"https:\/\/delstehnik.hr\/de\/index.php\/wp-json\/wp\/v2\/types\/page"}],"author":[{"embeddable":true,"href":"https:\/\/delstehnik.hr\/de\/index.php\/wp-json\/wp\/v2\/users\/1"}],"replies":[{"embeddable":true,"href":"https:\/\/delstehnik.hr\/de\/index.php\/wp-json\/wp\/v2\/comments?post=8124"}],"version-history":[{"count":10,"href":"https:\/\/delstehnik.hr\/de\/index.php\/wp-json\/wp\/v2\/pages\/8124\/revisions"}],"predecessor-version":[{"id":8861,"href":"https:\/\/delstehnik.hr\/de\/index.php\/wp-json\/wp\/v2\/pages\/8124\/revisions\/8861"}],"wp:featuredmedia":[{"embeddable":true,"href":"https:\/\/delstehnik.hr\/de\/index.php\/wp-json\/wp\/v2\/media\/7910"}],"wp:attachment":[{"href":"https:\/\/delstehnik.hr\/de\/index.php\/wp-json\/wp\/v2\/media?parent=8124"}],"curies":[{"name":"wp","href":"https:\/\/api.w.org\/{rel}","templated":true}]}}