{"id":8113,"date":"2024-03-30T03:45:13","date_gmt":"2024-03-30T03:45:13","guid":{"rendered":"https:\/\/delstehnik.hr\/index.php\/services\/"},"modified":"2025-02-23T19:41:58","modified_gmt":"2025-02-23T19:41:58","slug":"services","status":"publish","type":"page","link":"https:\/\/delstehnik.hr\/en\/index.php\/services\/","title":{"rendered":"Services"},"content":{"rendered":"\t\t<div data-elementor-type=\"wp-page\" data-elementor-id=\"8113\" class=\"elementor elementor-8113 elementor-2821\">\n\t\t\t\t<div class=\"elementor-element elementor-element-0dd8e63 e-flex e-con-boxed e-con e-child\" data-id=\"0dd8e63\" data-element_type=\"container\">\n\t\t\t\t\t<div class=\"e-con-inner\">\n\t\t\t\t<div class=\"elementor-element elementor-element-2a89e2f elementor-service-style-5 elementor-style-special-yes elementor-widget__width-inherit overflow-to-none elementor-widget elementor-widget-rebuilto-services\" data-id=\"2a89e2f\" data-element_type=\"widget\" data-settings=\"{&quot;slides_to_show&quot;:3,&quot;spaceBetween&quot;:{&quot;unit&quot;:&quot;px&quot;,&quot;size&quot;:30,&quot;sizes&quot;:[]},&quot;spaceBetween_laptop&quot;:{&quot;unit&quot;:&quot;px&quot;,&quot;size&quot;:&quot;&quot;,&quot;sizes&quot;:[]},&quot;spaceBetween_tablet_extra&quot;:{&quot;unit&quot;:&quot;px&quot;,&quot;size&quot;:&quot;&quot;,&quot;sizes&quot;:[]},&quot;spaceBetween_tablet&quot;:{&quot;unit&quot;:&quot;px&quot;,&quot;size&quot;:&quot;&quot;,&quot;sizes&quot;:[]},&quot;spaceBetween_mobile_extra&quot;:{&quot;unit&quot;:&quot;px&quot;,&quot;size&quot;:&quot;&quot;,&quot;sizes&quot;:[]},&quot;spaceBetween_mobile&quot;:{&quot;unit&quot;:&quot;px&quot;,&quot;size&quot;:&quot;&quot;,&quot;sizes&quot;:[]},&quot;swiper_overflow&quot;:&quot;none&quot;,&quot;navigation&quot;:&quot;none&quot;,&quot;enable_scrollbar&quot;:&quot;no&quot;,&quot;autoplay&quot;:&quot;yes&quot;,&quot;pause_on_hover&quot;:&quot;yes&quot;,&quot;pause_on_interaction&quot;:&quot;yes&quot;,&quot;autoplay_speed&quot;:5000,&quot;infinite&quot;:&quot;yes&quot;,&quot;speed&quot;:500}\" data-widget_type=\"rebuilto-services.default\">\n\t\t\t\t<div class=\"elementor-widget-container\">\n\t\t\t        <div class=\"elementor-service-wrapper\">\n            <div class=\"d-grid\">\n                                    <div class=\"grid-item\">\n                        <div class=\"service-item service-style-5\">\n    <div class=\"service-inner\">\n        <div class=\"service-post-thumbnail\">\n                            <img fetchpriority=\"high\" decoding=\"async\" width=\"768\" height=\"511\" src=\"https:\/\/delstehnik.hr\/wp-content\/uploads\/2024\/03\/pexels-brett-sayles-4716292-768x511.jpg\" class=\"attachment-medium_large size-medium_large wp-post-image\" alt=\"\" srcset=\"https:\/\/delstehnik.hr\/wp-content\/uploads\/2024\/03\/pexels-brett-sayles-4716292-768x511.jpg 768w, https:\/\/delstehnik.hr\/wp-content\/uploads\/2024\/03\/pexels-brett-sayles-4716292-300x200.jpg 300w, https:\/\/delstehnik.hr\/wp-content\/uploads\/2024\/03\/pexels-brett-sayles-4716292-1024x681.jpg 1024w, https:\/\/delstehnik.hr\/wp-content\/uploads\/2024\/03\/pexels-brett-sayles-4716292-1536x1022.jpg 1536w, https:\/\/delstehnik.hr\/wp-content\/uploads\/2024\/03\/pexels-brett-sayles-4716292-2048x1363.jpg 2048w\" sizes=\"(max-width: 768px) 100vw, 768px\" \/>                    <\/div>\n        <div class=\"service-content\">\n            <div class=\"service-icon-wrap\"><img decoding=\"async\" class=\"service-icon\" src=\"https:\/\/delstehnik.hr\/wp-content\/uploads\/2024\/03\/upravljacki-ormari-e1739184204587.png\" alt=\"service icon\"><\/div>            <h3 class=\"service-title omega\"><a href=\"https:\/\/delstehnik.hr\/en\/index.php\/services\/control-cabinets\/\">Control cabinets<\/a><\/h3>\n            <div class=\"description\">\n                We offer comprehensive services for the installation of industrial machinery and production plants, which include the design (production) and installation of electrical cabinets for industry and building construction.            <\/div>\n            <div class=\"service-more-link-wrap style-link\">\n                <a class=\"service-more-link\" href=\"https:\/\/delstehnik.hr\/en\/index.php\/services\/control-cabinets\/\"><i class=\"rebuilto-icon-arrow-up-right\"><\/i><span>Learn More<\/span><\/a>\n            <\/div>\n        <\/div>\n    <\/div>\n<\/div>\n                    <\/div>\n                                        <div class=\"grid-item\">\n                        <div class=\"service-item service-style-5\">\n    <div class=\"service-inner\">\n        <div class=\"service-post-thumbnail\">\n                            <img decoding=\"async\" width=\"768\" height=\"576\" src=\"https:\/\/delstehnik.hr\/wp-content\/uploads\/2024\/03\/pexels-ludodelot-18471441-768x576.jpg\" class=\"attachment-medium_large size-medium_large wp-post-image\" alt=\"\" srcset=\"https:\/\/delstehnik.hr\/wp-content\/uploads\/2024\/03\/pexels-ludodelot-18471441-768x576.jpg 768w, https:\/\/delstehnik.hr\/wp-content\/uploads\/2024\/03\/pexels-ludodelot-18471441-300x225.jpg 300w, https:\/\/delstehnik.hr\/wp-content\/uploads\/2024\/03\/pexels-ludodelot-18471441-1024x768.jpg 1024w, https:\/\/delstehnik.hr\/wp-content\/uploads\/2024\/03\/pexels-ludodelot-18471441-1536x1152.jpg 1536w, https:\/\/delstehnik.hr\/wp-content\/uploads\/2024\/03\/pexels-ludodelot-18471441-2048x1536.jpg 2048w\" sizes=\"(max-width: 768px) 100vw, 768px\" \/>                    <\/div>\n        <div class=\"service-content\">\n            <div class=\"service-icon-wrap\"><img decoding=\"async\" class=\"service-icon\" src=\"https:\/\/delstehnik.hr\/wp-content\/uploads\/2024\/03\/automatizacija-e1739184235794.png\" alt=\"service icon\"><\/div>            <h3 class=\"service-title omega\"><a href=\"https:\/\/delstehnik.hr\/en\/index.php\/services\/automation\/\">Automation<\/a><\/h3>\n            <div class=\"description\">\n                We offer complete solutions in the field of automation and drive technology. Our expertise and experience enable us to provide comprehensive services that meet the specific needs of our clients.             <\/div>\n            <div class=\"service-more-link-wrap style-link\">\n                <a class=\"service-more-link\" href=\"https:\/\/delstehnik.hr\/en\/index.php\/services\/automation\/\"><i class=\"rebuilto-icon-arrow-up-right\"><\/i><span>Learn More<\/span><\/a>\n            <\/div>\n        <\/div>\n    <\/div>\n<\/div>\n                    <\/div>\n                                        <div class=\"grid-item\">\n                        <div class=\"service-item service-style-5\">\n    <div class=\"service-inner\">\n        <div class=\"service-post-thumbnail\">\n                            <img decoding=\"async\" width=\"768\" height=\"347\" src=\"https:\/\/delstehnik.hr\/wp-content\/uploads\/2025\/01\/projekt-delkeskamp-njemacka_1-768x347.jpg\" class=\"attachment-medium_large size-medium_large wp-post-image\" alt=\"\" srcset=\"https:\/\/delstehnik.hr\/wp-content\/uploads\/2025\/01\/projekt-delkeskamp-njemacka_1-768x347.jpg 768w, https:\/\/delstehnik.hr\/wp-content\/uploads\/2025\/01\/projekt-delkeskamp-njemacka_1-300x135.jpg 300w, https:\/\/delstehnik.hr\/wp-content\/uploads\/2025\/01\/projekt-delkeskamp-njemacka_1-1024x462.jpg 1024w, https:\/\/delstehnik.hr\/wp-content\/uploads\/2025\/01\/projekt-delkeskamp-njemacka_1-1536x693.jpg 1536w, https:\/\/delstehnik.hr\/wp-content\/uploads\/2025\/01\/projekt-delkeskamp-njemacka_1-2048x924.jpg 2048w\" sizes=\"(max-width: 768px) 100vw, 768px\" \/>                    <\/div>\n        <div class=\"service-content\">\n            <div class=\"service-icon-wrap\"><img decoding=\"async\" class=\"service-icon\" src=\"https:\/\/delstehnik.hr\/wp-content\/uploads\/2024\/03\/industrijske-instalacije-e1739184260797.png\" alt=\"service icon\"><\/div>            <h3 class=\"service-title omega\"><a href=\"https:\/\/delstehnik.hr\/en\/index.php\/services\/industrial-installations\/\">Industrial installations<\/a><\/h3>\n            <div class=\"description\">\n                We offer comprehensive industrial installation services in various sectors, including manufacturing plants, cardboard industry (printing houses), automotive industry and logistics centers.            <\/div>\n            <div class=\"service-more-link-wrap style-link\">\n                <a class=\"service-more-link\" href=\"https:\/\/delstehnik.hr\/en\/index.php\/services\/industrial-installations\/\"><i class=\"rebuilto-icon-arrow-up-right\"><\/i><span>Learn More<\/span><\/a>\n            <\/div>\n        <\/div>\n    <\/div>\n<\/div>\n                    <\/div>\n                                        <div class=\"grid-item\">\n                        <div class=\"service-item service-style-5\">\n    <div class=\"service-inner\">\n        <div class=\"service-post-thumbnail\">\n                            <img loading=\"lazy\" decoding=\"async\" width=\"768\" height=\"347\" src=\"https:\/\/delstehnik.hr\/wp-content\/uploads\/2025\/01\/pratt-dallas-usa_1-768x347.jpg\" class=\"attachment-medium_large size-medium_large wp-post-image\" alt=\"\" srcset=\"https:\/\/delstehnik.hr\/wp-content\/uploads\/2025\/01\/pratt-dallas-usa_1-768x347.jpg 768w, https:\/\/delstehnik.hr\/wp-content\/uploads\/2025\/01\/pratt-dallas-usa_1-300x135.jpg 300w, https:\/\/delstehnik.hr\/wp-content\/uploads\/2025\/01\/pratt-dallas-usa_1-1024x462.jpg 1024w, https:\/\/delstehnik.hr\/wp-content\/uploads\/2025\/01\/pratt-dallas-usa_1-1536x693.jpg 1536w, https:\/\/delstehnik.hr\/wp-content\/uploads\/2025\/01\/pratt-dallas-usa_1-2048x924.jpg 2048w\" sizes=\"(max-width: 768px) 100vw, 768px\" \/>                    <\/div>\n        <div class=\"service-content\">\n            <div class=\"service-icon-wrap\"><img decoding=\"async\" class=\"service-icon\" src=\"https:\/\/delstehnik.hr\/wp-content\/uploads\/2024\/03\/industrijski-strojevi-e1739183956540.png\" alt=\"service icon\"><\/div>            <h3 class=\"service-title omega\"><a href=\"https:\/\/delstehnik.hr\/en\/index.php\/services\/industrial-machinery-and-equipment\/\">Industrial machinery and equipment<\/a><\/h3>\n            <div class=\"description\">\n                We offer comprehensive services for planning, installation, repair, assembly and maintenance of industrial machinery and equipment. Our team ensures the reliability and efficiency of your industrial systems, enabling smooth operation without failures and downtime.             <\/div>\n            <div class=\"service-more-link-wrap style-link\">\n                <a class=\"service-more-link\" href=\"https:\/\/delstehnik.hr\/en\/index.php\/services\/industrial-machinery-and-equipment\/\"><i class=\"rebuilto-icon-arrow-up-right\"><\/i><span>Learn More<\/span><\/a>\n            <\/div>\n        <\/div>\n    <\/div>\n<\/div>\n                    <\/div>\n                                        <div class=\"grid-item\">\n                        <div class=\"service-item service-style-5\">\n    <div class=\"service-inner\">\n        <div class=\"service-post-thumbnail\">\n                            <img loading=\"lazy\" decoding=\"async\" width=\"768\" height=\"970\" src=\"https:\/\/delstehnik.hr\/wp-content\/uploads\/2025\/01\/04-1-768x970.jpg\" class=\"attachment-medium_large size-medium_large wp-post-image\" alt=\"\" srcset=\"https:\/\/delstehnik.hr\/wp-content\/uploads\/2025\/01\/04-1-768x970.jpg 768w, https:\/\/delstehnik.hr\/wp-content\/uploads\/2025\/01\/04-1-238x300.jpg 238w, https:\/\/delstehnik.hr\/wp-content\/uploads\/2025\/01\/04-1-811x1024.jpg 811w, https:\/\/delstehnik.hr\/wp-content\/uploads\/2025\/01\/04-1-1217x1536.jpg 1217w, https:\/\/delstehnik.hr\/wp-content\/uploads\/2025\/01\/04-1.jpg 1440w\" sizes=\"(max-width: 768px) 100vw, 768px\" \/>                    <\/div>\n        <div class=\"service-content\">\n            <div class=\"service-icon-wrap\"><img decoding=\"async\" class=\"service-icon\" src=\"https:\/\/delstehnik.hr\/wp-content\/uploads\/2024\/03\/transport-tehnologija-e1739184172463.png\" alt=\"service icon\"><\/div>            <h3 class=\"service-title omega\"><a href=\"https:\/\/delstehnik.hr\/en\/index.php\/services\/transporter-technology\/\">Transporter technology<\/a><\/h3>\n            <div class=\"description\">\n                We offer comprehensive installation, service and commissioning services for transportation systems, tailored to the specific needs of the manufacturing industry.            <\/div>\n            <div class=\"service-more-link-wrap style-link\">\n                <a class=\"service-more-link\" href=\"https:\/\/delstehnik.hr\/en\/index.php\/services\/transporter-technology\/\"><i class=\"rebuilto-icon-arrow-up-right\"><\/i><span>Learn More<\/span><\/a>\n            <\/div>\n        <\/div>\n    <\/div>\n<\/div>\n                    <\/div>\n                                        <div class=\"grid-item\">\n                        <div class=\"service-item service-style-5\">\n    <div class=\"service-inner\">\n        <div class=\"service-post-thumbnail\">\n                            <img loading=\"lazy\" decoding=\"async\" width=\"768\" height=\"576\" src=\"https:\/\/delstehnik.hr\/wp-content\/uploads\/2024\/11\/06-8-768x576.jpg\" class=\"attachment-medium_large size-medium_large wp-post-image\" alt=\"\" srcset=\"https:\/\/delstehnik.hr\/wp-content\/uploads\/2024\/11\/06-8-768x576.jpg 768w, https:\/\/delstehnik.hr\/wp-content\/uploads\/2024\/11\/06-8-300x225.jpg 300w, https:\/\/delstehnik.hr\/wp-content\/uploads\/2024\/11\/06-8-1024x768.jpg 1024w, https:\/\/delstehnik.hr\/wp-content\/uploads\/2024\/11\/06-8-1536x1152.jpg 1536w, https:\/\/delstehnik.hr\/wp-content\/uploads\/2024\/11\/06-8-2048x1536.jpg 2048w\" sizes=\"(max-width: 768px) 100vw, 768px\" \/>                    <\/div>\n        <div class=\"service-content\">\n            <div class=\"service-icon-wrap\"><img decoding=\"async\" class=\"service-icon\" src=\"https:\/\/delstehnik.hr\/wp-content\/uploads\/2024\/03\/elektricne-instalacije-e1739184041710.png\" alt=\"service icon\"><\/div>            <h3 class=\"service-title omega\"><a href=\"https:\/\/delstehnik.hr\/en\/index.php\/services\/electrical-installations\/\">Electrical installations<\/a><\/h3>\n            <div class=\"description\">\n                We offer comprehensive services for performing all types of electrical installations, tailored to the specific needs of our clients.            <\/div>\n            <div class=\"service-more-link-wrap style-link\">\n                <a class=\"service-more-link\" href=\"https:\/\/delstehnik.hr\/en\/index.php\/services\/electrical-installations\/\"><i class=\"rebuilto-icon-arrow-up-right\"><\/i><span>Learn More<\/span><\/a>\n            <\/div>\n        <\/div>\n    <\/div>\n<\/div>\n                    <\/div>\n                                        <div class=\"grid-item\">\n                        <div class=\"service-item service-style-5\">\n    <div class=\"service-inner\">\n        <div class=\"service-post-thumbnail\">\n                            <img loading=\"lazy\" decoding=\"async\" width=\"768\" height=\"347\" src=\"https:\/\/delstehnik.hr\/wp-content\/uploads\/2025\/01\/Projekt-Wellkistenfabrik-Fritz-Peters-Moers-2-768x347.jpg\" class=\"attachment-medium_large size-medium_large wp-post-image\" alt=\"\" srcset=\"https:\/\/delstehnik.hr\/wp-content\/uploads\/2025\/01\/Projekt-Wellkistenfabrik-Fritz-Peters-Moers-2-768x347.jpg 768w, https:\/\/delstehnik.hr\/wp-content\/uploads\/2025\/01\/Projekt-Wellkistenfabrik-Fritz-Peters-Moers-2-300x135.jpg 300w, https:\/\/delstehnik.hr\/wp-content\/uploads\/2025\/01\/Projekt-Wellkistenfabrik-Fritz-Peters-Moers-2-1024x462.jpg 1024w, https:\/\/delstehnik.hr\/wp-content\/uploads\/2025\/01\/Projekt-Wellkistenfabrik-Fritz-Peters-Moers-2-1536x693.jpg 1536w, https:\/\/delstehnik.hr\/wp-content\/uploads\/2025\/01\/Projekt-Wellkistenfabrik-Fritz-Peters-Moers-2-2048x924.jpg 2048w\" sizes=\"(max-width: 768px) 100vw, 768px\" \/>                    <\/div>\n        <div class=\"service-content\">\n            <div class=\"service-icon-wrap\"><img decoding=\"async\" class=\"service-icon\" src=\"https:\/\/delstehnik.hr\/wp-content\/uploads\/2024\/03\/oblici-suradnje-e1739184130727.png\" alt=\"service icon\"><\/div>            <h3 class=\"service-title omega\"><a href=\"https:\/\/delstehnik.hr\/en\/index.php\/services\/forms-of-cooperation\/\">Forms of cooperation<\/a><\/h3>\n            <div class=\"description\">\n                If you need reliable services for the installation of industrial machinery and plants, the manufacture and installation of electrical cabinets, or the maintenance of existing systems, contact us to discuss your needs and find the best solution for your project.            <\/div>\n            <div class=\"service-more-link-wrap style-link\">\n                <a class=\"service-more-link\" href=\"https:\/\/delstehnik.hr\/en\/index.php\/services\/forms-of-cooperation\/\"><i class=\"rebuilto-icon-arrow-up-right\"><\/i><span>Learn More<\/span><\/a>\n            <\/div>\n        <\/div>\n    <\/div>\n<\/div>\n                    <\/div>\n                                <\/div>\n\n        <\/div>\n                \t\t<\/div>\n\t\t\t\t<\/div>\n\t\t\t\t\t<\/div>\n\t\t\t\t<\/div>\n\t\t\t\t<\/div>\n\t\t","protected":false},"excerpt":{"rendered":"<p>Upravlja\u010dki ormari Nudimo sveobuhvatne usluge instaliranja industrijskih strojeva i proizvodnih pogona, koje uklju\u010duju shemiranje (izrada) i ugradnju elektro ormara za industriju i zgradarstvo. Learn More Automatizacija Nudimo cjelovita rje\u0161enja na podru\u010dju automatizacije i pogonske tehnike. Na\u0161a stru\u010dnost i iskustvo omogu\u0107uju nam da pru\u017eimo sveobuhvatne usluge koje zadovoljavaju specifi\u010dne potrebe na\u0161ih klijenata. Learn More Industrijske instalacije [&hellip;]<\/p>\n","protected":false},"author":1,"featured_media":7893,"parent":0,"menu_order":0,"comment_status":"closed","ping_status":"closed","template":"template-homepage.php","meta":{"footnotes":""},"class_list":["post-8113","page","type-page","status-publish","has-post-thumbnail","hentry"],"_links":{"self":[{"href":"https:\/\/delstehnik.hr\/en\/index.php\/wp-json\/wp\/v2\/pages\/8113","targetHints":{"allow":["GET"]}}],"collection":[{"href":"https:\/\/delstehnik.hr\/en\/index.php\/wp-json\/wp\/v2\/pages"}],"about":[{"href":"https:\/\/delstehnik.hr\/en\/index.php\/wp-json\/wp\/v2\/types\/page"}],"author":[{"embeddable":true,"href":"https:\/\/delstehnik.hr\/en\/index.php\/wp-json\/wp\/v2\/users\/1"}],"replies":[{"embeddable":true,"href":"https:\/\/delstehnik.hr\/en\/index.php\/wp-json\/wp\/v2\/comments?post=8113"}],"version-history":[{"count":1,"href":"https:\/\/delstehnik.hr\/en\/index.php\/wp-json\/wp\/v2\/pages\/8113\/revisions"}],"predecessor-version":[{"id":8114,"href":"https:\/\/delstehnik.hr\/en\/index.php\/wp-json\/wp\/v2\/pages\/8113\/revisions\/8114"}],"wp:featuredmedia":[{"embeddable":true,"href":"https:\/\/delstehnik.hr\/en\/index.php\/wp-json\/wp\/v2\/media\/7893"}],"wp:attachment":[{"href":"https:\/\/delstehnik.hr\/en\/index.php\/wp-json\/wp\/v2\/media?parent=8113"}],"curies":[{"name":"wp","href":"https:\/\/api.w.org\/{rel}","templated":true}]}}