{"id":48,"date":"2024-03-25T02:46:22","date_gmt":"2024-03-25T02:46:22","guid":{"rendered":"https:\/\/demo2wpopal.b-cdn.net\/rebuilto\/?page_id=48"},"modified":"2025-09-15T19:06:11","modified_gmt":"2025-09-15T19:06:11","slug":"nagrade-priznanja","status":"publish","type":"page","link":"https:\/\/delstehnik.hr\/index.php\/nagrade-priznanja\/","title":{"rendered":"Priznanja i certifikati"},"content":{"rendered":"\t\t<div data-elementor-type=\"wp-page\" data-elementor-id=\"48\" class=\"elementor elementor-48\">\n\t\t\t\t<div class=\"elementor-element elementor-element-5001ecf e-flex e-con-boxed e-con e-parent\" data-id=\"5001ecf\" data-element_type=\"container\">\n\t\t\t\t\t<div class=\"e-con-inner\">\n\t\t<div class=\"elementor-element elementor-element-d27daa3 e-con-full e-flex e-con e-child\" data-id=\"d27daa3\" data-element_type=\"container\">\n\t\t\t\t<div class=\"elementor-element elementor-element-d13342a elementor-widget__width-initial animated-fast elementor-widget-divider--view-line elementor-invisible elementor-widget elementor-widget-divider\" data-id=\"d13342a\" data-element_type=\"widget\" data-settings=\"{&quot;_animation&quot;:&quot;zoomInRight&quot;}\" data-widget_type=\"divider.default\">\n\t\t\t\t<div class=\"elementor-widget-container\">\n\t\t\t\t\t<div class=\"elementor-divider\">\n\t\t\t<span class=\"elementor-divider-separator\">\n\t\t\t\t\t\t<\/span>\n\t\t<\/div>\n\t\t\t\t<\/div>\n\t\t\t\t<\/div>\n\t\t\t\t<div class=\"elementor-element elementor-element-6b1786d animated-fast elementor-invisible elementor-widget elementor-widget-heading\" data-id=\"6b1786d\" data-element_type=\"widget\" data-settings=\"{&quot;_animation&quot;:&quot;opal-scale-up&quot;}\" data-widget_type=\"heading.default\">\n\t\t\t\t<div class=\"elementor-widget-container\">\n\t\t\t<p class=\"elementor-heading-title elementor-size-default\">priznanja i certifikati.<\/p>\t\t<\/div>\n\t\t\t\t<\/div>\n\t\t\t\t<\/div>\n\t\t<div class=\"elementor-element elementor-element-e10adcb e-con-full e-flex e-con e-child\" data-id=\"e10adcb\" data-element_type=\"container\">\n\t\t\t\t<div class=\"elementor-element elementor-element-e506bad elementor-widget__width-initial elementor-widget elementor-widget-heading\" data-id=\"e506bad\" data-element_type=\"widget\" data-widget_type=\"heading.default\">\n\t\t\t\t<div class=\"elementor-widget-container\">\n\t\t\t<h2 class=\"elementor-heading-title elementor-size-default\">PRIZNANJA I CERTIFIKATI<\/h2>\t\t<\/div>\n\t\t\t\t<\/div>\n\t\t\t\t<\/div>\n\t\t<div class=\"elementor-element elementor-element-421d468 e-con-full e-flex e-con e-child\" data-id=\"421d468\" data-element_type=\"container\">\n\t\t\t\t<\/div>\n\t\t<div class=\"elementor-element elementor-element-6a5b739 e-con-full e-flex e-con e-child\" data-id=\"6a5b739\" data-element_type=\"container\">\n\t\t\t\t<div class=\"elementor-element elementor-element-25b53a1 elementor-widget__width-initial elementor-widget elementor-widget-text-editor\" data-id=\"25b53a1\" data-element_type=\"widget\" data-widget_type=\"text-editor.default\">\n\t\t\t\t<div class=\"elementor-widget-container\">\n\t\t\t\t\t\t\t<p>Uvijek nam je \u010dast primiti priznanja za na\u0161 rad. S ponosom mo\u017eemo podijeliti priznanja i certifikate koje smo dobili kao rezultat svojih postignu\u0107a.<br> Ona su dokaz stalnog napora za usavr\u0161avanjem i napredovanjem, a tako\u0111er i znak da je na\u0161 rad prepoznat i cijenjen.<br> U nastavku dobivena priznanja i certifikati prikazuju kvalitetu na\u0161eg rada, inovativnost na\u0161ih procesa i snagu na\u0161e tvrtke. <\/p>\t\t\t\t\t\t<\/div>\n\t\t\t\t<\/div>\n\t\t\t\t<\/div>\n\t\t<div class=\"elementor-element elementor-element-4c15c59 e-flex e-con-boxed e-con e-child\" data-id=\"4c15c59\" data-element_type=\"container\">\n\t\t\t\t\t<div class=\"e-con-inner\">\n\t\t\t\t<div class=\"elementor-element elementor-element-3055f2d elementor-widget__width-inherit awardsbox-layout-1 elementor-widget elementor-widget-rebuilto-awards-box\" data-id=\"3055f2d\" data-element_type=\"widget\" data-settings=\"{&quot;awardsbox_layout&quot;:&quot;1&quot;}\" data-widget_type=\"rebuilto-awards-box.default\">\n\t\t\t\t<div class=\"elementor-widget-container\">\n\t\t\t\n        <div class=\"elementor-awardsbox-item-wrapper\">\n            <div class=\"elementor-awardsbox-wrapper-inner\">\n                <div class=\"layout-1 d-grid\">\n                                            <div class=\"elementor-awardsbox-item grid-item\" data-goto=\"0\">\n                            <div class=\"awardsbox-item-inner\">\n                                            <div class=\"awards-image\">\n                <img fetchpriority=\"high\" decoding=\"async\" width=\"1809\" height=\"2560\" src=\"https:\/\/delstehnik.hr\/wp-content\/uploads\/2025\/09\/HR1000001627104_DigitalCertificate_hr-HR-scaled.webp\" class=\"attachment-full size-full wp-image-8844\" alt=\"\" srcset=\"https:\/\/delstehnik.hr\/wp-content\/uploads\/2025\/09\/HR1000001627104_DigitalCertificate_hr-HR-scaled.webp 1809w, https:\/\/delstehnik.hr\/wp-content\/uploads\/2025\/09\/HR1000001627104_DigitalCertificate_hr-HR-212x300.webp 212w, https:\/\/delstehnik.hr\/wp-content\/uploads\/2025\/09\/HR1000001627104_DigitalCertificate_hr-HR-724x1024.webp 724w, https:\/\/delstehnik.hr\/wp-content\/uploads\/2025\/09\/HR1000001627104_DigitalCertificate_hr-HR-768x1087.webp 768w, https:\/\/delstehnik.hr\/wp-content\/uploads\/2025\/09\/HR1000001627104_DigitalCertificate_hr-HR-1085x1536.webp 1085w, https:\/\/delstehnik.hr\/wp-content\/uploads\/2025\/09\/HR1000001627104_DigitalCertificate_hr-HR-1447x2048.webp 1447w\" sizes=\"(max-width: 1809px) 100vw, 1809px\" \/>            <\/div>\n                                        <div class=\"awards-content\">\n\n                                                                            <div class=\"awards-year\"><span>2025<\/span><\/div>\n                                                                        <div class=\"awards-content-header\">\n                                        <a href=\"#\">\n                                            <div class=\"awards-name\">AAA bonitetni razred.<\/div>                                        <\/a>\n                                                                                    <div class=\"awards-description\">Dana 26. lipnja 2025. dodjeljen nam je Srebrni certifikat bonitetne izvrsnosti, koji dodjeljuje me\u0111unarodna bonitetna ku\u0107a Dun &amp; Bradstreet, \u010dime smo svrstani u najvi\u0161i AAA bonitetni razred.   Dun &amp; Bradstreet potvrdio je da na\u0161a tvrtka ve\u0107 tri godine zaredom posluje stabilno, odgovorno i pouzdano \u2013 \u0161to nas svrstava me\u0111u najbonitetnije tvrtke u Hrvatskoj<\/div>\n                                                                            <\/div>\n                                    <div class=\"awards-more-link-wrap style-link\">\n                                        <a class=\"awards-more-link\" href=\"#\">\n                                                                                    <\/a>\n                                    <\/div>\n                                <\/div>\n\n                            <\/div>\n                        <\/div>\n                                                <div class=\"elementor-awardsbox-item grid-item\" data-goto=\"1\">\n                            <div class=\"awardsbox-item-inner\">\n                                            <div class=\"awards-image\">\n                <img decoding=\"async\" width=\"1125\" height=\"1600\" src=\"https:\/\/delstehnik.hr\/wp-content\/uploads\/2025\/07\/WhatsApp-Image-2025-07-07-at-20.36.50.jpeg\" class=\"attachment-full size-full wp-image-8824\" alt=\"\" srcset=\"https:\/\/delstehnik.hr\/wp-content\/uploads\/2025\/07\/WhatsApp-Image-2025-07-07-at-20.36.50.jpeg 1125w, https:\/\/delstehnik.hr\/wp-content\/uploads\/2025\/07\/WhatsApp-Image-2025-07-07-at-20.36.50-211x300.jpeg 211w, https:\/\/delstehnik.hr\/wp-content\/uploads\/2025\/07\/WhatsApp-Image-2025-07-07-at-20.36.50-720x1024.jpeg 720w, https:\/\/delstehnik.hr\/wp-content\/uploads\/2025\/07\/WhatsApp-Image-2025-07-07-at-20.36.50-768x1092.jpeg 768w, https:\/\/delstehnik.hr\/wp-content\/uploads\/2025\/07\/WhatsApp-Image-2025-07-07-at-20.36.50-1080x1536.jpeg 1080w\" sizes=\"(max-width: 1125px) 100vw, 1125px\" \/>            <\/div>\n                                        <div class=\"awards-content\">\n\n                                                                            <div class=\"awards-year\"><span>2025<\/span><\/div>\n                                                                        <div class=\"awards-content-header\">\n                                        <a href=\"#\">\n                                            <div class=\"awards-name\">T\u00dcV AUSTRIA<\/div>                                        <\/a>\n                                                                                    <div class=\"awards-description\">Sa ponosom objavljujemo da je na\u0161a tvrtka uspje\u0161no certificirana prema SCC (Safety Certificate Contractors) standardu od strane renomirane certifikacijske ku\u0107e T\u00dcV Austria.     Ovaj certifikat potvr\u0111uje na\u0161u predanost najvi\u0161im standardima za\u0161tite zdravlja, sigurnosti na radu i za\u0161tite okoli\u0161a u svakodnevnom poslovanju. SCC certifikacija nije samo priznanje, ve\u0107 i obaveza da kontinuirano unaprje\u0111ujemo radne procese i njegujemo kulturu sigurnosti.     Zahvaljujemo na\u0161em timu na posve\u0107enosti i stru\u010dnosti, kao i partnerima koji prepoznaju vrijednost sigurnog i odgovornog poslovanja.<\/div>\n                                                                            <\/div>\n                                    <div class=\"awards-more-link-wrap style-link\">\n                                        <a class=\"awards-more-link\" href=\"#\">\n                                                                                    <\/a>\n                                    <\/div>\n                                <\/div>\n\n                            <\/div>\n                        <\/div>\n                                                <div class=\"elementor-awardsbox-item grid-item\" data-goto=\"2\">\n                            <div class=\"awardsbox-item-inner\">\n                                            <div class=\"awards-image\">\n                <img decoding=\"async\" width=\"2500\" height=\"1667\" src=\"https:\/\/delstehnik.hr\/wp-content\/uploads\/2024\/11\/ZK-1.jpg\" class=\"attachment-full size-full wp-image-6467\" alt=\"\" srcset=\"https:\/\/delstehnik.hr\/wp-content\/uploads\/2024\/11\/ZK-1.jpg 2500w, https:\/\/delstehnik.hr\/wp-content\/uploads\/2024\/11\/ZK-1-300x200.jpg 300w, https:\/\/delstehnik.hr\/wp-content\/uploads\/2024\/11\/ZK-1-1024x683.jpg 1024w, https:\/\/delstehnik.hr\/wp-content\/uploads\/2024\/11\/ZK-1-768x512.jpg 768w, https:\/\/delstehnik.hr\/wp-content\/uploads\/2024\/11\/ZK-1-1536x1024.jpg 1536w, https:\/\/delstehnik.hr\/wp-content\/uploads\/2024\/11\/ZK-1-2048x1366.jpg 2048w\" sizes=\"(max-width: 2500px) 100vw, 2500px\" \/>            <\/div>\n                                        <div class=\"awards-content\">\n\n                                                                            <div class=\"awards-year\"><span>2023<\/span><\/div>\n                                                                        <div class=\"awards-content-header\">\n                                        <a href=\"#\">\n                                            <div class=\"awards-name\">Zlatna Kuna<\/div>                                        <\/a>\n                                                                                    <div class=\"awards-description\">Dana 19.09.2024. na sve\u010danoj sjednici Gospodarskog vije\u0107a Komore Zagreb, u Hrvatskoj gospodarskoj komori dodjeljena nam je plaketa Zlatna kuna Komore Zagreb za izvrsne poslovne rezultate i zna\u010daj za gospodarstvo Zagreba\u010dke \u017eupanije. S ponosom, \u017eelimo podjeliti i sa svima vama da smo najuspje\u0161nije trgova\u010dko dru\u0161tvo u Zagreba\u010dkoj \u017eupaniji u 2023. godini u kategoriji malih trgova\u010dkih dru\u0161tava. Tako\u0111er, zahvaljujemo se svim zaposlenicima i poslovnim partnerima Dels Tehnika koji su svojim radom i trudom doprinjeli ovakvim izvrsnim poslovnim rezultatima.<\/div>\n                                                                            <\/div>\n                                    <div class=\"awards-more-link-wrap style-link\">\n                                        <a class=\"awards-more-link\" href=\"#\">\n                                                                                    <\/a>\n                                    <\/div>\n                                <\/div>\n\n                            <\/div>\n                        <\/div>\n                                                <div class=\"elementor-awardsbox-item grid-item\" data-goto=\"3\">\n                            <div class=\"awardsbox-item-inner\">\n                                            <div class=\"awards-image\">\n                <img loading=\"lazy\" decoding=\"async\" width=\"1200\" height=\"800\" src=\"https:\/\/delstehnik.hr\/wp-content\/uploads\/2024\/11\/DB-cerifikat-1.jpg\" class=\"attachment-full size-full wp-image-6508\" alt=\"\" srcset=\"https:\/\/delstehnik.hr\/wp-content\/uploads\/2024\/11\/DB-cerifikat-1.jpg 1200w, https:\/\/delstehnik.hr\/wp-content\/uploads\/2024\/11\/DB-cerifikat-1-300x200.jpg 300w, https:\/\/delstehnik.hr\/wp-content\/uploads\/2024\/11\/DB-cerifikat-1-1024x683.jpg 1024w, https:\/\/delstehnik.hr\/wp-content\/uploads\/2024\/11\/DB-cerifikat-1-768x512.jpg 768w\" sizes=\"(max-width: 1200px) 100vw, 1200px\" \/>            <\/div>\n                                        <div class=\"awards-content\">\n\n                                                                            <div class=\"awards-year\"><span>2024<\/span><\/div>\n                                                                        <div class=\"awards-content-header\">\n                                        <a href=\"#\">\n                                            <div class=\"awards-name\">DUN &amp; BRADSTREET<\/div>                                        <\/a>\n                                                                                    <div class=\"awards-description\">Dun &amp; Bradstreet je 20. lipnja 2024. godine u Zagrebu, pod sloganom &quot;Ljetujte bezbri\u017eno, va\u0161 posao je u sigurnim rukama&quot; ugostio predstavnike 50-ak hrvatskih kompanija kojima su predstavili D&amp;B Hovers Visitor Intelligence i D&amp;B Risk Analytics Compliance Intelligence. DELS Tehnik d.o.o. tada je preuzeo D&amp;B certifikat bonitetne izvrsnosti! Certifikatom bonitetne izvrsnosti dobili smo potvrdu da smo najpouzdaniji, vjerodostojan i najmanje rizi\u010dan gospodarski subjekt.<\/div>\n                                                                            <\/div>\n                                    <div class=\"awards-more-link-wrap style-link\">\n                                        <a class=\"awards-more-link\" href=\"#\">\n                                                                                    <\/a>\n                                    <\/div>\n                                <\/div>\n\n                            <\/div>\n                        <\/div>\n                                                <div class=\"elementor-awardsbox-item grid-item\" data-goto=\"4\">\n                            <div class=\"awardsbox-item-inner\">\n                                            <div class=\"awards-image\">\n                <img loading=\"lazy\" decoding=\"async\" width=\"1170\" height=\"1670\" src=\"https:\/\/delstehnik.hr\/wp-content\/uploads\/2024\/11\/image-1.png\" class=\"attachment-full size-full wp-image-6750\" alt=\"\" srcset=\"https:\/\/delstehnik.hr\/wp-content\/uploads\/2024\/11\/image-1.png 1170w, https:\/\/delstehnik.hr\/wp-content\/uploads\/2024\/11\/image-1-210x300.png 210w, https:\/\/delstehnik.hr\/wp-content\/uploads\/2024\/11\/image-1-717x1024.png 717w, https:\/\/delstehnik.hr\/wp-content\/uploads\/2024\/11\/image-1-768x1096.png 768w, https:\/\/delstehnik.hr\/wp-content\/uploads\/2024\/11\/image-1-1076x1536.png 1076w\" sizes=\"(max-width: 1170px) 100vw, 1170px\" \/>            <\/div>\n                                        <div class=\"awards-content\">\n\n                                                                            <div class=\"awards-year\"><span>2023<\/span><\/div>\n                                                                        <div class=\"awards-content-header\">\n                                        <a href=\"#\">\n                                            <div class=\"awards-name\">99 NAJUSPJE\u0160NIJIH<\/div>                                        <\/a>\n                                                                                    <div class=\"awards-description\">DELS Tehnik d.o.o. je od Financije.hr dana 10.10.2024. dobio priznanje \u201e 99 najuspje\u0161nijih\u201d po prometu za 2023. godinu u djelatnosti Instaliranje industrijskih strojeva i opreme.<\/div>\n                                                                            <\/div>\n                                    <div class=\"awards-more-link-wrap style-link\">\n                                        <a class=\"awards-more-link\" href=\"#\">\n                                                                                    <\/a>\n                                    <\/div>\n                                <\/div>\n\n                            <\/div>\n                        <\/div>\n                                                <div class=\"elementor-awardsbox-item grid-item\" data-goto=\"5\">\n                            <div class=\"awardsbox-item-inner\">\n                                            <div class=\"awards-image\">\n                <img loading=\"lazy\" decoding=\"async\" width=\"1270\" height=\"1798\" src=\"https:\/\/delstehnik.hr\/wp-content\/uploads\/2024\/11\/image-2.png\" class=\"attachment-full size-full wp-image-6751\" alt=\"\" srcset=\"https:\/\/delstehnik.hr\/wp-content\/uploads\/2024\/11\/image-2.png 1270w, https:\/\/delstehnik.hr\/wp-content\/uploads\/2024\/11\/image-2-212x300.png 212w, https:\/\/delstehnik.hr\/wp-content\/uploads\/2024\/11\/image-2-723x1024.png 723w, https:\/\/delstehnik.hr\/wp-content\/uploads\/2024\/11\/image-2-768x1087.png 768w, https:\/\/delstehnik.hr\/wp-content\/uploads\/2024\/11\/image-2-1085x1536.png 1085w\" sizes=\"(max-width: 1270px) 100vw, 1270px\" \/>            <\/div>\n                                        <div class=\"awards-content\">\n\n                                                                            <div class=\"awards-year\"><span>2024<\/span><\/div>\n                                                                        <div class=\"awards-content-header\">\n                                        <a href=\"#\">\n                                            <div class=\"awards-name\">SUSTAV UPRAVLJANJA KVALITETOM<\/div>                                        <\/a>\n                                                                                    <div class=\"awards-description\"> Dana 04.07.2024. dodijeljen nam je certifikat Sustava upravljanja kvalitetom. Certifikat potvr\u0111uje da je uspostavljen i odr\u017eavan sustav upravljanja u skladu sa zahtjevima norme ISO 9001:2015.<\/div>\n                                                                            <\/div>\n                                    <div class=\"awards-more-link-wrap style-link\">\n                                        <a class=\"awards-more-link\" href=\"#\">\n                                                                                    <\/a>\n                                    <\/div>\n                                <\/div>\n\n                            <\/div>\n                        <\/div>\n                                        <\/div>\n                            <\/div>\n        <\/div>\n        \t\t<\/div>\n\t\t\t\t<\/div>\n\t\t\t\t\t<\/div>\n\t\t\t\t<\/div>\n\t\t\t\t\t<\/div>\n\t\t\t\t<\/div>\n\t\t\t\t<\/div>\n\t\t","protected":false},"excerpt":{"rendered":"<p>priznanja i certifikati. PRIZNANJA I CERTIFIKATI Uvijek nam je \u010dast primiti priznanja za na\u0161 rad. S ponosom mo\u017eemo podijeliti priznanja i certifikate koje smo dobili kao rezultat svojih postignu\u0107a. Ona su dokaz stalnog napora za usavr\u0161avanjem i napredovanjem, a tako\u0111er i znak da je na\u0161 rad prepoznat i cijenjen.U nastavku dobivena priznanja i certifikati prikazuju [&hellip;]<\/p>\n","protected":false},"author":1,"featured_media":7252,"parent":0,"menu_order":0,"comment_status":"closed","ping_status":"closed","template":"template-homepage.php","meta":{"footnotes":""},"class_list":["post-48","page","type-page","status-publish","has-post-thumbnail","hentry"],"_links":{"self":[{"href":"https:\/\/delstehnik.hr\/index.php\/wp-json\/wp\/v2\/pages\/48","targetHints":{"allow":["GET"]}}],"collection":[{"href":"https:\/\/delstehnik.hr\/index.php\/wp-json\/wp\/v2\/pages"}],"about":[{"href":"https:\/\/delstehnik.hr\/index.php\/wp-json\/wp\/v2\/types\/page"}],"author":[{"embeddable":true,"href":"https:\/\/delstehnik.hr\/index.php\/wp-json\/wp\/v2\/users\/1"}],"replies":[{"embeddable":true,"href":"https:\/\/delstehnik.hr\/index.php\/wp-json\/wp\/v2\/comments?post=48"}],"version-history":[{"count":31,"href":"https:\/\/delstehnik.hr\/index.php\/wp-json\/wp\/v2\/pages\/48\/revisions"}],"predecessor-version":[{"id":8864,"href":"https:\/\/delstehnik.hr\/index.php\/wp-json\/wp\/v2\/pages\/48\/revisions\/8864"}],"wp:featuredmedia":[{"embeddable":true,"href":"https:\/\/delstehnik.hr\/index.php\/wp-json\/wp\/v2\/media\/7252"}],"wp:attachment":[{"href":"https:\/\/delstehnik.hr\/index.php\/wp-json\/wp\/v2\/media?parent=48"}],"curies":[{"name":"wp","href":"https:\/\/api.w.org\/{rel}","templated":true}]}}